{"id":11587,"date":"2022-10-25T17:52:25","date_gmt":"2022-10-25T17:52:25","guid":{"rendered":"https:\/\/ywcacanada.ca\/?page_id=11587"},"modified":"2023-05-30T17:22:32","modified_gmt":"2023-05-30T17:22:32","slug":"moveforward","status":"publish","type":"page","link":"https:\/\/ywcacanada.ca\/fr\/ce-que-nous-offons\/projetsetinitiatives\/moveforward\/","title":{"rendered":"Milieux de travail \u00e9quitables &#038; \u00c9mancipation \u00e9conomique : Move Forward"},"content":{"rendered":"","protected":false},"excerpt":{"rendered":"","protected":false},"author":5,"featured_media":0,"parent":6626,"menu_order":13,"comment_status":"closed","ping_status":"closed","template":"templates\/content.php","meta":{"_acf_changed":false,"footnotes":""},"tags":[],"class_list":["post-11587","page","type-page","status-publish","hentry"],"acf":[],"_links":{"self":[{"href":"https:\/\/ywcacanada.ca\/fr\/wp-json\/wp\/v2\/pages\/11587","targetHints":{"allow":["GET"]}}],"collection":[{"href":"https:\/\/ywcacanada.ca\/fr\/wp-json\/wp\/v2\/pages"}],"about":[{"href":"https:\/\/ywcacanada.ca\/fr\/wp-json\/wp\/v2\/types\/page"}],"author":[{"embeddable":true,"href":"https:\/\/ywcacanada.ca\/fr\/wp-json\/wp\/v2\/users\/5"}],"replies":[{"embeddable":true,"href":"https:\/\/ywcacanada.ca\/fr\/wp-json\/wp\/v2\/comments?post=11587"}],"version-history":[{"count":5,"href":"https:\/\/ywcacanada.ca\/fr\/wp-json\/wp\/v2\/pages\/11587\/revisions"}],"predecessor-version":[{"id":13171,"href":"https:\/\/ywcacanada.ca\/fr\/wp-json\/wp\/v2\/pages\/11587\/revisions\/13171"}],"up":[{"embeddable":true,"href":"https:\/\/ywcacanada.ca\/fr\/wp-json\/wp\/v2\/pages\/6626"}],"wp:attachment":[{"href":"https:\/\/ywcacanada.ca\/fr\/wp-json\/wp\/v2\/media?parent=11587"}],"wp:term":[{"taxonomy":"post_tag","embeddable":true,"href":"https:\/\/ywcacanada.ca\/fr\/wp-json\/wp\/v2\/tags?post=11587"}],"curies":[{"name":"wp","href":"https:\/\/api.w.org\/{rel}","templated":true}]}}