{"id":16848,"date":"2024-12-10T23:07:47","date_gmt":"2024-12-10T23:07:47","guid":{"rendered":"https:\/\/ywcacanada.ca\/?page_id=16848"},"modified":"2025-07-09T18:09:12","modified_gmt":"2025-07-09T18:09:12","slug":"chronologie-des-engagements","status":"publish","type":"page","link":"https:\/\/ywcacanada.ca\/fr\/lareconciliation\/chronologie-des-engagements\/","title":{"rendered":"Chronologie des engagements de YWCA Canada envers la v\u00e9rit\u00e9 et la r\u00e9conciliation"},"content":{"rendered":"","protected":false},"excerpt":{"rendered":"","protected":false},"author":10,"featured_media":0,"parent":16709,"menu_order":1,"comment_status":"closed","ping_status":"closed","template":"templates\/content.php","meta":{"_acf_changed":false,"footnotes":""},"tags":[],"class_list":["post-16848","page","type-page","status-publish","hentry"],"acf":[],"_links":{"self":[{"href":"https:\/\/ywcacanada.ca\/fr\/wp-json\/wp\/v2\/pages\/16848","targetHints":{"allow":["GET"]}}],"collection":[{"href":"https:\/\/ywcacanada.ca\/fr\/wp-json\/wp\/v2\/pages"}],"about":[{"href":"https:\/\/ywcacanada.ca\/fr\/wp-json\/wp\/v2\/types\/page"}],"author":[{"embeddable":true,"href":"https:\/\/ywcacanada.ca\/fr\/wp-json\/wp\/v2\/users\/10"}],"replies":[{"embeddable":true,"href":"https:\/\/ywcacanada.ca\/fr\/wp-json\/wp\/v2\/comments?post=16848"}],"version-history":[{"count":5,"href":"https:\/\/ywcacanada.ca\/fr\/wp-json\/wp\/v2\/pages\/16848\/revisions"}],"predecessor-version":[{"id":17116,"href":"https:\/\/ywcacanada.ca\/fr\/wp-json\/wp\/v2\/pages\/16848\/revisions\/17116"}],"up":[{"embeddable":true,"href":"https:\/\/ywcacanada.ca\/fr\/wp-json\/wp\/v2\/pages\/16709"}],"wp:attachment":[{"href":"https:\/\/ywcacanada.ca\/fr\/wp-json\/wp\/v2\/media?parent=16848"}],"wp:term":[{"taxonomy":"post_tag","embeddable":true,"href":"https:\/\/ywcacanada.ca\/fr\/wp-json\/wp\/v2\/tags?post=16848"}],"curies":[{"name":"wp","href":"https:\/\/api.w.org\/{rel}","templated":true}]}}