{"id":17019,"date":"2024-12-10T22:56:46","date_gmt":"2024-12-10T22:56:46","guid":{"rendered":"https:\/\/ywcacanada.ca\/?page_id=17019"},"modified":"2025-07-09T18:09:13","modified_gmt":"2025-07-09T18:09:13","slug":"retour-sur-notre-passe","status":"publish","type":"page","link":"https:\/\/ywcacanada.ca\/fr\/lareconciliation\/retour-sur-notre-passe\/","title":{"rendered":"Retour sur notre pass\u00e9, engagement pour la r\u00e9conciliation : les excuses de YWCA Canada envers les communaut\u00e9s autochtones"},"content":{"rendered":"","protected":false},"excerpt":{"rendered":"","protected":false},"author":10,"featured_media":0,"parent":16709,"menu_order":1,"comment_status":"closed","ping_status":"closed","template":"templates\/content.php","meta":{"_acf_changed":false,"footnotes":""},"tags":[],"class_list":["post-17019","page","type-page","status-publish","hentry"],"acf":[],"_links":{"self":[{"href":"https:\/\/ywcacanada.ca\/fr\/wp-json\/wp\/v2\/pages\/17019","targetHints":{"allow":["GET"]}}],"collection":[{"href":"https:\/\/ywcacanada.ca\/fr\/wp-json\/wp\/v2\/pages"}],"about":[{"href":"https:\/\/ywcacanada.ca\/fr\/wp-json\/wp\/v2\/types\/page"}],"author":[{"embeddable":true,"href":"https:\/\/ywcacanada.ca\/fr\/wp-json\/wp\/v2\/users\/10"}],"replies":[{"embeddable":true,"href":"https:\/\/ywcacanada.ca\/fr\/wp-json\/wp\/v2\/comments?post=17019"}],"version-history":[{"count":5,"href":"https:\/\/ywcacanada.ca\/fr\/wp-json\/wp\/v2\/pages\/17019\/revisions"}],"predecessor-version":[{"id":17110,"href":"https:\/\/ywcacanada.ca\/fr\/wp-json\/wp\/v2\/pages\/17019\/revisions\/17110"}],"up":[{"embeddable":true,"href":"https:\/\/ywcacanada.ca\/fr\/wp-json\/wp\/v2\/pages\/16709"}],"wp:attachment":[{"href":"https:\/\/ywcacanada.ca\/fr\/wp-json\/wp\/v2\/media?parent=17019"}],"wp:term":[{"taxonomy":"post_tag","embeddable":true,"href":"https:\/\/ywcacanada.ca\/fr\/wp-json\/wp\/v2\/tags?post=17019"}],"curies":[{"name":"wp","href":"https:\/\/api.w.org\/{rel}","templated":true}]}}