{"id":17315,"date":"2025-02-05T20:53:18","date_gmt":"2025-02-05T20:53:18","guid":{"rendered":"https:\/\/ywcacanada.ca\/?page_id=17315"},"modified":"2025-07-09T18:15:33","modified_gmt":"2025-07-09T18:15:33","slug":"lovegenderequity-fr-abonnement","status":"publish","type":"page","link":"https:\/\/ywcacanada.ca\/fr\/lovegenderequity-fr-abonnement\/","title":{"rendered":"J\u2019aime l\u2019\u00e9quit\u00e9 des genres &#8211; abonn\u00e9\u00b7e\u00b7s"},"content":{"rendered":"","protected":false},"excerpt":{"rendered":"","protected":false},"author":10,"featured_media":0,"parent":0,"menu_order":32,"comment_status":"closed","ping_status":"closed","template":"templates\/content.php","meta":{"_acf_changed":false,"footnotes":""},"tags":[],"class_list":["post-17315","page","type-page","status-publish","hentry"],"acf":[],"_links":{"self":[{"href":"https:\/\/ywcacanada.ca\/fr\/wp-json\/wp\/v2\/pages\/17315","targetHints":{"allow":["GET"]}}],"collection":[{"href":"https:\/\/ywcacanada.ca\/fr\/wp-json\/wp\/v2\/pages"}],"about":[{"href":"https:\/\/ywcacanada.ca\/fr\/wp-json\/wp\/v2\/types\/page"}],"author":[{"embeddable":true,"href":"https:\/\/ywcacanada.ca\/fr\/wp-json\/wp\/v2\/users\/10"}],"replies":[{"embeddable":true,"href":"https:\/\/ywcacanada.ca\/fr\/wp-json\/wp\/v2\/comments?post=17315"}],"version-history":[{"count":5,"href":"https:\/\/ywcacanada.ca\/fr\/wp-json\/wp\/v2\/pages\/17315\/revisions"}],"predecessor-version":[{"id":17427,"href":"https:\/\/ywcacanada.ca\/fr\/wp-json\/wp\/v2\/pages\/17315\/revisions\/17427"}],"wp:attachment":[{"href":"https:\/\/ywcacanada.ca\/fr\/wp-json\/wp\/v2\/media?parent=17315"}],"wp:term":[{"taxonomy":"post_tag","embeddable":true,"href":"https:\/\/ywcacanada.ca\/fr\/wp-json\/wp\/v2\/tags?post=17315"}],"curies":[{"name":"wp","href":"https:\/\/api.w.org\/{rel}","templated":true}]}}