{"id":4394,"date":"2018-11-27T19:59:21","date_gmt":"2018-11-27T19:59:21","guid":{"rendered":"https:\/\/ywcacanada.ca\/guide-on-sexual-image-based-abuse\/"},"modified":"2025-07-09T18:16:00","modified_gmt":"2025-07-09T18:16:00","slug":"guide-eclair-sur-la-violence-sexuelle-liee-a-des-images-intimes","status":"publish","type":"page","link":"https:\/\/ywcacanada.ca\/fr\/guide-eclair-sur-la-violence-sexuelle-liee-a-des-images-intimes\/","title":{"rendered":"Guide \u00e9clair sur la violence sexuelle li\u00e9e \u00e0 des images intimes"},"content":{"rendered":"","protected":false},"excerpt":{"rendered":"","protected":false},"author":3,"featured_media":0,"parent":0,"menu_order":36,"comment_status":"closed","ping_status":"closed","template":"templates\/content.php","meta":{"_acf_changed":false,"footnotes":""},"tags":[],"class_list":["post-4394","page","type-page","status-publish","hentry"],"acf":[],"_links":{"self":[{"href":"https:\/\/ywcacanada.ca\/fr\/wp-json\/wp\/v2\/pages\/4394","targetHints":{"allow":["GET"]}}],"collection":[{"href":"https:\/\/ywcacanada.ca\/fr\/wp-json\/wp\/v2\/pages"}],"about":[{"href":"https:\/\/ywcacanada.ca\/fr\/wp-json\/wp\/v2\/types\/page"}],"author":[{"embeddable":true,"href":"https:\/\/ywcacanada.ca\/fr\/wp-json\/wp\/v2\/users\/3"}],"replies":[{"embeddable":true,"href":"https:\/\/ywcacanada.ca\/fr\/wp-json\/wp\/v2\/comments?post=4394"}],"version-history":[{"count":4,"href":"https:\/\/ywcacanada.ca\/fr\/wp-json\/wp\/v2\/pages\/4394\/revisions"}],"predecessor-version":[{"id":4423,"href":"https:\/\/ywcacanada.ca\/fr\/wp-json\/wp\/v2\/pages\/4394\/revisions\/4423"}],"wp:attachment":[{"href":"https:\/\/ywcacanada.ca\/fr\/wp-json\/wp\/v2\/media?parent=4394"}],"wp:term":[{"taxonomy":"post_tag","embeddable":true,"href":"https:\/\/ywcacanada.ca\/fr\/wp-json\/wp\/v2\/tags?post=4394"}],"curies":[{"name":"wp","href":"https:\/\/api.w.org\/{rel}","templated":true}]}}