{"id":7001,"date":"2020-04-20T22:56:27","date_gmt":"2020-04-20T22:56:27","guid":{"rendered":"https:\/\/ywcacanada.ca\/?page_id=7001"},"modified":"2020-08-31T16:41:47","modified_gmt":"2020-08-31T16:41:47","slug":"services-de-garde","status":"publish","type":"page","link":"https:\/\/ywcacanada.ca\/fr\/election-federale-2019\/services-de-garde\/","title":{"rendered":"\u00c9galit\u00e9 \u00e9conomique"},"content":{"rendered":"","protected":false},"excerpt":{"rendered":"","protected":false},"author":6,"featured_media":0,"parent":5386,"menu_order":0,"comment_status":"closed","ping_status":"closed","template":"templates\/content.php","meta":{"_acf_changed":false,"footnotes":""},"tags":[],"class_list":["post-7001","page","type-page","status-publish","hentry"],"acf":[],"_links":{"self":[{"href":"https:\/\/ywcacanada.ca\/fr\/wp-json\/wp\/v2\/pages\/7001","targetHints":{"allow":["GET"]}}],"collection":[{"href":"https:\/\/ywcacanada.ca\/fr\/wp-json\/wp\/v2\/pages"}],"about":[{"href":"https:\/\/ywcacanada.ca\/fr\/wp-json\/wp\/v2\/types\/page"}],"author":[{"embeddable":true,"href":"https:\/\/ywcacanada.ca\/fr\/wp-json\/wp\/v2\/users\/6"}],"replies":[{"embeddable":true,"href":"https:\/\/ywcacanada.ca\/fr\/wp-json\/wp\/v2\/comments?post=7001"}],"version-history":[{"count":5,"href":"https:\/\/ywcacanada.ca\/fr\/wp-json\/wp\/v2\/pages\/7001\/revisions"}],"predecessor-version":[{"id":8148,"href":"https:\/\/ywcacanada.ca\/fr\/wp-json\/wp\/v2\/pages\/7001\/revisions\/8148"}],"up":[{"embeddable":true,"href":"https:\/\/ywcacanada.ca\/fr\/wp-json\/wp\/v2\/pages\/5386"}],"wp:attachment":[{"href":"https:\/\/ywcacanada.ca\/fr\/wp-json\/wp\/v2\/media?parent=7001"}],"wp:term":[{"taxonomy":"post_tag","embeddable":true,"href":"https:\/\/ywcacanada.ca\/fr\/wp-json\/wp\/v2\/tags?post=7001"}],"curies":[{"name":"wp","href":"https:\/\/api.w.org\/{rel}","templated":true}]}}